{"id":355,"date":"2015-08-25T16:29:28","date_gmt":"2015-08-25T15:29:28","guid":{"rendered":"http:\/\/de2442.ispfr.net\/_maisonpauvif\/?page_id=355"},"modified":"2015-08-26T08:32:47","modified_gmt":"2015-08-26T07:32:47","slug":"%e7%ba%a2%e9%85%92%e4%b9%8b%e6%97%85","status":"publish","type":"page","link":"https:\/\/www.maisonpauvif.com\/zh-hant\/%e7%ba%a2%e9%85%92%e4%b9%8b%e6%97%85\/","title":{"rendered":"\u7ea2\u9152\u4e4b\u65c5"},"content":{"rendered":"<p>Sur la rive droite de la Dordogne et de la Gironde, \u00e0 35 km au nord de Bordeaux, le vignoble des COTES DE BOURG s&#8217;\u00e9tend sur quinze communes. TEUILLAC fait partie de ces petits hameaux o\u00f9 il fait bon vivre et offre la possibilit\u00e9 au voyageur de s&#8217;octroyer une halte reposante au coeur des vignes.<\/p>\n<p>A la lisi\u00e8re de la Haute Saintonge et du Blayais, au coeur d&#8217;un pays autrefois peupl\u00e9 de moulins, ce petit village poss\u00e8de l&#8217;un des plus anciens sanctuaires de la r\u00e9gion. Des fouilles ont permis d&#8217;exhumer un sarcophage m\u00e9rovingien. L&#8217;\u00e9glise, bel \u00e9difice roman, poss\u00e8de aussi un magnifique ostensoir offert par Napol\u00e9on III.<\/p>\n<p>Afin d&#8217;agr\u00e9menter le s\u00e9jour du touriste, des installations sont mises \u00e0 disposition : \u00e9tang am\u00e9nag\u00e9, camping, moulin restaur\u00e9 , promenades sur la Dordogne en bateau ou gabarres, mus\u00e9es, sentiers p\u00e9destres&#8230;Un accueil \u00e0 proximit\u00e9, en g\u00eete rural, chambres d&#8217;h\u00f4tes ou h\u00f4tels, restaurant gastronomique de qualit\u00e9, permet aux visiteurs de go\u00fbter aux plaisirs d&#8217;un repos bien m\u00e9rit\u00e9 apr\u00e8s une journ\u00e9e de d\u00e9couvertes dans cette magnifique r\u00e9gion que d&#8217;aucuns qualifient de \u00ab Petite Suisse Gironde \u00bb.<\/p>\n<p>A deux pas du bourg, le CHATEAU VIEUX PLANTIER ouvre ses portes toute l&#8217;ann\u00e9e ; le ma\u00eetre des lieux vous invite \u00e0 visiter ses chais en toute convivialit\u00e9 et vous captive en vous racontant simplement la vigne et le vin. A l&#8217;issue de cette visite, une d\u00e9gustation vous est offerte afin de parfaire votre connaissance du vin.<\/p>\n","protected":false},"excerpt":{"rendered":"<p>Sur la rive droite de la Dordogne et de la Gironde, \u00e0 3 [&hellip;]<\/p>\n","protected":false},"author":1,"featured_media":0,"parent":0,"menu_order":0,"comment_status":"open","ping_status":"open","template":"","meta":{"_acf_changed":false,"footnotes":""},"class_list":["post-355","page","type-page","status-publish","hentry"],"acf":[],"yoast_head":"<!-- This site is optimized with the Yoast SEO plugin v27.5 - https:\/\/yoast.com\/product\/yoast-seo-wordpress\/ -->\n<title>\u7ea2\u9152\u4e4b\u65c5 - Maison Pauvif<\/title>\n<meta name=\"robots\" content=\"index, follow, max-snippet:-1, max-image-preview:large, max-video-preview:-1\" \/>\n<link rel=\"canonical\" href=\"https:\/\/www.maisonpauvif.com\/zh-hant\/\u7ea2\u9152\u4e4b\u65c5\/\" \/>\n<meta property=\"og:locale\" content=\"zh_TW\" \/>\n<meta property=\"og:type\" content=\"article\" \/>\n<meta property=\"og:title\" content=\"\u7ea2\u9152\u4e4b\u65c5 - Maison Pauvif\" \/>\n<meta property=\"og:description\" content=\"Sur la rive droite de la Dordogne et de la Gironde, \u00e0 3 [&hellip;]\" \/>\n<meta property=\"og:url\" content=\"https:\/\/www.maisonpauvif.com\/zh-hant\/\u7ea2\u9152\u4e4b\u65c5\/\" \/>\n<meta property=\"og:site_name\" content=\"Maison Pauvif\" \/>\n<meta property=\"article:publisher\" content=\"https:\/\/www.facebook.com\/maisonpauvif\/\" \/>\n<meta property=\"article:modified_time\" content=\"2015-08-26T07:32:47+00:00\" \/>\n<meta name=\"twitter:card\" content=\"summary_large_image\" \/>\n<meta name=\"twitter:label1\" content=\"\u9810\u4f30\u95b1\u8b80\u6642\u9593\" \/>\n\t<meta name=\"twitter:data1\" content=\"1 \u5206\u9418\" \/>\n<script type=\"application\/ld+json\" class=\"yoast-schema-graph\">{\"@context\":\"https:\\\/\\\/schema.org\",\"@graph\":[{\"@type\":\"WebPage\",\"@id\":\"https:\\\/\\\/www.maisonpauvif.com\\\/zh-hant\\\/%e7%ba%a2%e9%85%92%e4%b9%8b%e6%97%85\\\/\",\"url\":\"https:\\\/\\\/www.maisonpauvif.com\\\/zh-hant\\\/%e7%ba%a2%e9%85%92%e4%b9%8b%e6%97%85\\\/\",\"name\":\"\u7ea2\u9152\u4e4b\u65c5 - Maison Pauvif\",\"isPartOf\":{\"@id\":\"https:\\\/\\\/www.maisonpauvif.com\\\/#website\"},\"datePublished\":\"2015-08-25T15:29:28+00:00\",\"dateModified\":\"2015-08-26T07:32:47+00:00\",\"breadcrumb\":{\"@id\":\"https:\\\/\\\/www.maisonpauvif.com\\\/zh-hant\\\/%e7%ba%a2%e9%85%92%e4%b9%8b%e6%97%85\\\/#breadcrumb\"},\"inLanguage\":\"zh-TW\",\"potentialAction\":[{\"@type\":\"ReadAction\",\"target\":[\"https:\\\/\\\/www.maisonpauvif.com\\\/zh-hant\\\/%e7%ba%a2%e9%85%92%e4%b9%8b%e6%97%85\\\/\"]}]},{\"@type\":\"BreadcrumbList\",\"@id\":\"https:\\\/\\\/www.maisonpauvif.com\\\/zh-hant\\\/%e7%ba%a2%e9%85%92%e4%b9%8b%e6%97%85\\\/#breadcrumb\",\"itemListElement\":[{\"@type\":\"ListItem\",\"position\":1,\"name\":\"Accueil\",\"item\":\"https:\\\/\\\/www.maisonpauvif.com\\\/actualite-en-video\\\/\"},{\"@type\":\"ListItem\",\"position\":2,\"name\":\"\u7ea2\u9152\u4e4b\u65c5\"}]},{\"@type\":\"WebSite\",\"@id\":\"https:\\\/\\\/www.maisonpauvif.com\\\/#website\",\"url\":\"https:\\\/\\\/www.maisonpauvif.com\\\/\",\"name\":\"Maison Pauvif\",\"description\":\"Vins des C\u00f4tes de Bourg\",\"potentialAction\":[{\"@type\":\"SearchAction\",\"target\":{\"@type\":\"EntryPoint\",\"urlTemplate\":\"https:\\\/\\\/www.maisonpauvif.com\\\/?s={search_term_string}\"},\"query-input\":{\"@type\":\"PropertyValueSpecification\",\"valueRequired\":true,\"valueName\":\"search_term_string\"}}],\"inLanguage\":\"zh-TW\"}]}<\/script>\n<!-- \/ Yoast SEO plugin. -->","yoast_head_json":{"title":"\u7ea2\u9152\u4e4b\u65c5 - Maison Pauvif","robots":{"index":"index","follow":"follow","max-snippet":"max-snippet:-1","max-image-preview":"max-image-preview:large","max-video-preview":"max-video-preview:-1"},"canonical":"https:\/\/www.maisonpauvif.com\/zh-hant\/\u7ea2\u9152\u4e4b\u65c5\/","og_locale":"zh_TW","og_type":"article","og_title":"\u7ea2\u9152\u4e4b\u65c5 - Maison Pauvif","og_description":"Sur la rive droite de la Dordogne et de la Gironde, \u00e0 3 [&hellip;]","og_url":"https:\/\/www.maisonpauvif.com\/zh-hant\/\u7ea2\u9152\u4e4b\u65c5\/","og_site_name":"Maison Pauvif","article_publisher":"https:\/\/www.facebook.com\/maisonpauvif\/","article_modified_time":"2015-08-26T07:32:47+00:00","twitter_card":"summary_large_image","twitter_misc":{"\u9810\u4f30\u95b1\u8b80\u6642\u9593":"1 \u5206\u9418"},"schema":{"@context":"https:\/\/schema.org","@graph":[{"@type":"WebPage","@id":"https:\/\/www.maisonpauvif.com\/zh-hant\/%e7%ba%a2%e9%85%92%e4%b9%8b%e6%97%85\/","url":"https:\/\/www.maisonpauvif.com\/zh-hant\/%e7%ba%a2%e9%85%92%e4%b9%8b%e6%97%85\/","name":"\u7ea2\u9152\u4e4b\u65c5 - Maison Pauvif","isPartOf":{"@id":"https:\/\/www.maisonpauvif.com\/#website"},"datePublished":"2015-08-25T15:29:28+00:00","dateModified":"2015-08-26T07:32:47+00:00","breadcrumb":{"@id":"https:\/\/www.maisonpauvif.com\/zh-hant\/%e7%ba%a2%e9%85%92%e4%b9%8b%e6%97%85\/#breadcrumb"},"inLanguage":"zh-TW","potentialAction":[{"@type":"ReadAction","target":["https:\/\/www.maisonpauvif.com\/zh-hant\/%e7%ba%a2%e9%85%92%e4%b9%8b%e6%97%85\/"]}]},{"@type":"BreadcrumbList","@id":"https:\/\/www.maisonpauvif.com\/zh-hant\/%e7%ba%a2%e9%85%92%e4%b9%8b%e6%97%85\/#breadcrumb","itemListElement":[{"@type":"ListItem","position":1,"name":"Accueil","item":"https:\/\/www.maisonpauvif.com\/actualite-en-video\/"},{"@type":"ListItem","position":2,"name":"\u7ea2\u9152\u4e4b\u65c5"}]},{"@type":"WebSite","@id":"https:\/\/www.maisonpauvif.com\/#website","url":"https:\/\/www.maisonpauvif.com\/","name":"Maison Pauvif","description":"Vins des C\u00f4tes de Bourg","potentialAction":[{"@type":"SearchAction","target":{"@type":"EntryPoint","urlTemplate":"https:\/\/www.maisonpauvif.com\/?s={search_term_string}"},"query-input":{"@type":"PropertyValueSpecification","valueRequired":true,"valueName":"search_term_string"}}],"inLanguage":"zh-TW"}]}},"_links":{"self":[{"href":"https:\/\/www.maisonpauvif.com\/zh-hant\/wp-json\/wp\/v2\/pages\/355","targetHints":{"allow":["GET"]}}],"collection":[{"href":"https:\/\/www.maisonpauvif.com\/zh-hant\/wp-json\/wp\/v2\/pages"}],"about":[{"href":"https:\/\/www.maisonpauvif.com\/zh-hant\/wp-json\/wp\/v2\/types\/page"}],"author":[{"embeddable":true,"href":"https:\/\/www.maisonpauvif.com\/zh-hant\/wp-json\/wp\/v2\/users\/1"}],"replies":[{"embeddable":true,"href":"https:\/\/www.maisonpauvif.com\/zh-hant\/wp-json\/wp\/v2\/comments?post=355"}],"version-history":[{"count":2,"href":"https:\/\/www.maisonpauvif.com\/zh-hant\/wp-json\/wp\/v2\/pages\/355\/revisions"}],"predecessor-version":[{"id":379,"href":"https:\/\/www.maisonpauvif.com\/zh-hant\/wp-json\/wp\/v2\/pages\/355\/revisions\/379"}],"wp:attachment":[{"href":"https:\/\/www.maisonpauvif.com\/zh-hant\/wp-json\/wp\/v2\/media?parent=355"}],"curies":[{"name":"wp","href":"https:\/\/api.w.org\/{rel}","templated":true}]}}