{"id":380,"date":"2015-07-29T15:32:52","date_gmt":"2015-07-29T14:32:52","guid":{"rendered":"http:\/\/de2442.ispfr.net\/_maisonpauvif\/inscription-2\/"},"modified":"2015-12-03T17:09:04","modified_gmt":"2015-12-03T16:09:04","slug":"inscription","status":"publish","type":"page","link":"https:\/\/www.maisonpauvif.com\/zh-hant\/inscription\/","title":{"rendered":"Inscription"},"content":{"rendered":"<p><strong>L&#8217;inscription en 3 \u00e9tapes :<\/strong><br \/>\n1\/ Renseignez le formulaire d&#8217;inscription ci-contre puis cliquez sur envoyer.<br \/>\n2\/ Une fois votre inscription r\u00e9ceptionn\u00e9e et valid\u00e9e par nos services, vous recevrez un mail de confirmation.<br \/>\n3\/ Retournez alors sur notre site, entrez votre identifiant et votre mot de passe. Vous pouvez alors acc\u00e9der \u00e0 notre boutique en ligne et commander !<\/p>\n","protected":false},"excerpt":{"rendered":"<p>L&#8217;inscription en 3 \u00e9tapes : 1\/ Renseignez le form [&hellip;]<\/p>\n","protected":false},"author":1,"featured_media":0,"parent":0,"menu_order":0,"comment_status":"open","ping_status":"open","template":"inscription.php","meta":{"_acf_changed":false,"footnotes":""},"class_list":["post-380","page","type-page","status-publish","hentry"],"acf":[],"yoast_head":"<!-- This site is optimized with the Yoast SEO plugin v27.5 - https:\/\/yoast.com\/product\/yoast-seo-wordpress\/ -->\n<title>Inscription - Maison Pauvif<\/title>\n<meta name=\"robots\" content=\"index, follow, max-snippet:-1, max-image-preview:large, max-video-preview:-1\" \/>\n<link rel=\"canonical\" href=\"https:\/\/www.maisonpauvif.com\/zh-hant\/inscription\/\" \/>\n<meta property=\"og:locale\" content=\"zh_TW\" \/>\n<meta property=\"og:type\" content=\"article\" \/>\n<meta property=\"og:title\" content=\"Inscription - Maison Pauvif\" \/>\n<meta property=\"og:description\" content=\"L&#8217;inscription en 3 \u00e9tapes : 1\/ Renseignez le form [&hellip;]\" \/>\n<meta property=\"og:url\" content=\"https:\/\/www.maisonpauvif.com\/zh-hant\/inscription\/\" \/>\n<meta property=\"og:site_name\" content=\"Maison Pauvif\" \/>\n<meta property=\"article:publisher\" content=\"https:\/\/www.facebook.com\/maisonpauvif\/\" \/>\n<meta property=\"article:modified_time\" content=\"2015-12-03T16:09:04+00:00\" \/>\n<meta name=\"twitter:card\" content=\"summary_large_image\" \/>\n<script type=\"application\/ld+json\" class=\"yoast-schema-graph\">{\"@context\":\"https:\\\/\\\/schema.org\",\"@graph\":[{\"@type\":\"WebPage\",\"@id\":\"https:\\\/\\\/www.maisonpauvif.com\\\/zh-hant\\\/inscription\\\/\",\"url\":\"https:\\\/\\\/www.maisonpauvif.com\\\/zh-hant\\\/inscription\\\/\",\"name\":\"Inscription - Maison Pauvif\",\"isPartOf\":{\"@id\":\"https:\\\/\\\/www.maisonpauvif.com\\\/#website\"},\"datePublished\":\"2015-07-29T14:32:52+00:00\",\"dateModified\":\"2015-12-03T16:09:04+00:00\",\"breadcrumb\":{\"@id\":\"https:\\\/\\\/www.maisonpauvif.com\\\/zh-hant\\\/inscription\\\/#breadcrumb\"},\"inLanguage\":\"zh-TW\",\"potentialAction\":[{\"@type\":\"ReadAction\",\"target\":[\"https:\\\/\\\/www.maisonpauvif.com\\\/zh-hant\\\/inscription\\\/\"]}]},{\"@type\":\"BreadcrumbList\",\"@id\":\"https:\\\/\\\/www.maisonpauvif.com\\\/zh-hant\\\/inscription\\\/#breadcrumb\",\"itemListElement\":[{\"@type\":\"ListItem\",\"position\":1,\"name\":\"Accueil\",\"item\":\"https:\\\/\\\/www.maisonpauvif.com\\\/actualite-en-video\\\/\"},{\"@type\":\"ListItem\",\"position\":2,\"name\":\"Inscription\"}]},{\"@type\":\"WebSite\",\"@id\":\"https:\\\/\\\/www.maisonpauvif.com\\\/#website\",\"url\":\"https:\\\/\\\/www.maisonpauvif.com\\\/\",\"name\":\"Maison Pauvif\",\"description\":\"Vins des C\u00f4tes de Bourg\",\"potentialAction\":[{\"@type\":\"SearchAction\",\"target\":{\"@type\":\"EntryPoint\",\"urlTemplate\":\"https:\\\/\\\/www.maisonpauvif.com\\\/?s={search_term_string}\"},\"query-input\":{\"@type\":\"PropertyValueSpecification\",\"valueRequired\":true,\"valueName\":\"search_term_string\"}}],\"inLanguage\":\"zh-TW\"}]}<\/script>\n<!-- \/ Yoast SEO plugin. -->","yoast_head_json":{"title":"Inscription - Maison Pauvif","robots":{"index":"index","follow":"follow","max-snippet":"max-snippet:-1","max-image-preview":"max-image-preview:large","max-video-preview":"max-video-preview:-1"},"canonical":"https:\/\/www.maisonpauvif.com\/zh-hant\/inscription\/","og_locale":"zh_TW","og_type":"article","og_title":"Inscription - Maison Pauvif","og_description":"L&#8217;inscription en 3 \u00e9tapes : 1\/ Renseignez le form [&hellip;]","og_url":"https:\/\/www.maisonpauvif.com\/zh-hant\/inscription\/","og_site_name":"Maison Pauvif","article_publisher":"https:\/\/www.facebook.com\/maisonpauvif\/","article_modified_time":"2015-12-03T16:09:04+00:00","twitter_card":"summary_large_image","schema":{"@context":"https:\/\/schema.org","@graph":[{"@type":"WebPage","@id":"https:\/\/www.maisonpauvif.com\/zh-hant\/inscription\/","url":"https:\/\/www.maisonpauvif.com\/zh-hant\/inscription\/","name":"Inscription - Maison Pauvif","isPartOf":{"@id":"https:\/\/www.maisonpauvif.com\/#website"},"datePublished":"2015-07-29T14:32:52+00:00","dateModified":"2015-12-03T16:09:04+00:00","breadcrumb":{"@id":"https:\/\/www.maisonpauvif.com\/zh-hant\/inscription\/#breadcrumb"},"inLanguage":"zh-TW","potentialAction":[{"@type":"ReadAction","target":["https:\/\/www.maisonpauvif.com\/zh-hant\/inscription\/"]}]},{"@type":"BreadcrumbList","@id":"https:\/\/www.maisonpauvif.com\/zh-hant\/inscription\/#breadcrumb","itemListElement":[{"@type":"ListItem","position":1,"name":"Accueil","item":"https:\/\/www.maisonpauvif.com\/actualite-en-video\/"},{"@type":"ListItem","position":2,"name":"Inscription"}]},{"@type":"WebSite","@id":"https:\/\/www.maisonpauvif.com\/#website","url":"https:\/\/www.maisonpauvif.com\/","name":"Maison Pauvif","description":"Vins des C\u00f4tes de Bourg","potentialAction":[{"@type":"SearchAction","target":{"@type":"EntryPoint","urlTemplate":"https:\/\/www.maisonpauvif.com\/?s={search_term_string}"},"query-input":{"@type":"PropertyValueSpecification","valueRequired":true,"valueName":"search_term_string"}}],"inLanguage":"zh-TW"}]}},"_links":{"self":[{"href":"https:\/\/www.maisonpauvif.com\/zh-hant\/wp-json\/wp\/v2\/pages\/380","targetHints":{"allow":["GET"]}}],"collection":[{"href":"https:\/\/www.maisonpauvif.com\/zh-hant\/wp-json\/wp\/v2\/pages"}],"about":[{"href":"https:\/\/www.maisonpauvif.com\/zh-hant\/wp-json\/wp\/v2\/types\/page"}],"author":[{"embeddable":true,"href":"https:\/\/www.maisonpauvif.com\/zh-hant\/wp-json\/wp\/v2\/users\/1"}],"replies":[{"embeddable":true,"href":"https:\/\/www.maisonpauvif.com\/zh-hant\/wp-json\/wp\/v2\/comments?post=380"}],"version-history":[{"count":5,"href":"https:\/\/www.maisonpauvif.com\/zh-hant\/wp-json\/wp\/v2\/pages\/380\/revisions"}],"predecessor-version":[{"id":660,"href":"https:\/\/www.maisonpauvif.com\/zh-hant\/wp-json\/wp\/v2\/pages\/380\/revisions\/660"}],"wp:attachment":[{"href":"https:\/\/www.maisonpauvif.com\/zh-hant\/wp-json\/wp\/v2\/media?parent=380"}],"curies":[{"name":"wp","href":"https:\/\/api.w.org\/{rel}","templated":true}]}}